{"id":35,"date":"2013-08-30T09:09:57","date_gmt":"2013-08-30T09:09:57","guid":{"rendered":"http:\/\/www.gesvesextra.be\/?page_id=35"},"modified":"2024-11-18T13:32:00","modified_gmt":"2024-11-18T13:32:00","slug":"mercredistraction","status":"publish","type":"page","link":"https:\/\/www.gesvesextra.be\/?page_id=35","title":{"rendered":"Mercredis&rsquo;traction"},"content":{"rendered":"<p>Dor\u00e9navant, Katty reprend la responsabilit\u00e9 des mercredis&rsquo;tractions en plus de l&rsquo;accueil centralis\u00e9 ! Et elle planche d\u00e9j\u00e0 sur la prochaine activit\u00e9&#8230;<\/p>\n<p style=\"text-align: center;\"><a href=\"http:\/\/www.gesvesextra.be\/wp-content\/uploads\/2022\/11\/4.png\"><img loading=\"lazy\" decoding=\"async\" class=\"alignnone wp-image-1873 size-medium\" src=\"http:\/\/www.gesvesextra.be\/wp-content\/uploads\/2022\/11\/4-212x300.png\" alt=\"\" width=\"212\" height=\"300\" srcset=\"https:\/\/www.gesvesextra.be\/wp-content\/uploads\/2022\/11\/4-212x300.png 212w, https:\/\/www.gesvesextra.be\/wp-content\/uploads\/2022\/11\/4-724x1024.png 724w, https:\/\/www.gesvesextra.be\/wp-content\/uploads\/2022\/11\/4-768x1086.png 768w, https:\/\/www.gesvesextra.be\/wp-content\/uploads\/2022\/11\/4-1086x1536.png 1086w, https:\/\/www.gesvesextra.be\/wp-content\/uploads\/2022\/11\/4-1320x1867.png 1320w, https:\/\/www.gesvesextra.be\/wp-content\/uploads\/2022\/11\/4.png 1414w\" sizes=\"auto, (max-width: 212px) 100vw, 212px\" \/><\/a><\/p>\n<p style=\"text-align: center;\">Mercredis&rsquo;traction du 04 d\u00e9cembre 2024 \u00ab\u00a0cin\u00e9 m\u00f4me\u00a0\u00bb \u00e0 Andenne\u00a0<\/p>\n\n\n<figure class=\"wp-block-gallery has-nested-images columns-default is-cropped wp-block-gallery-1 is-layout-flex wp-block-gallery-is-layout-flex\">\n<figure class=\"wp-block-image size-large\"><a href=\"https:\/\/www.gesvesextra.be\/wp-content\/uploads\/2024\/11\/Mercredistraction.png\"><img loading=\"lazy\" decoding=\"async\" width=\"724\" height=\"1024\" data-id=\"2312\" src=\"https:\/\/www.gesvesextra.be\/wp-content\/uploads\/2024\/11\/Mercredistraction-724x1024.png\" alt=\"\" class=\"wp-image-2312\" srcset=\"https:\/\/www.gesvesextra.be\/wp-content\/uploads\/2024\/11\/Mercredistraction-724x1024.png 724w, https:\/\/www.gesvesextra.be\/wp-content\/uploads\/2024\/11\/Mercredistraction-212x300.png 212w, https:\/\/www.gesvesextra.be\/wp-content\/uploads\/2024\/11\/Mercredistraction-768x1086.png 768w, https:\/\/www.gesvesextra.be\/wp-content\/uploads\/2024\/11\/Mercredistraction-1086x1536.png 1086w, https:\/\/www.gesvesextra.be\/wp-content\/uploads\/2024\/11\/Mercredistraction-42x60.png 42w, https:\/\/www.gesvesextra.be\/wp-content\/uploads\/2024\/11\/Mercredistraction-1320x1867.png 1320w, https:\/\/www.gesvesextra.be\/wp-content\/uploads\/2024\/11\/Mercredistraction.png 1414w\" sizes=\"auto, (max-width: 724px) 100vw, 724px\" \/><\/a><\/figure>\n<\/figure>\n\n\n\n<p class=\"has-text-align-center\">Inscription via l&rsquo;application AP-School :<\/p>\n\n\n\n<p class=\"has-text-align-center\"><a href=\"https:\/\/plateforme.apschool.be\/centre-recreatif\">https:\/\/plateforme.apschool.be\/centre-recreatif<\/a><\/p>\n","protected":false},"excerpt":{"rendered":"<p>Dor\u00e9navant, Katty reprend la responsabilit\u00e9 des mercredis&rsquo;tractions en plus de l&rsquo;accueil centralis\u00e9 ! Et elle planche d\u00e9j\u00e0 sur la prochaine activit\u00e9&#8230; Mercredis&rsquo;traction du 04 d\u00e9cembre 2024 \u00ab\u00a0cin\u00e9 m\u00f4me\u00a0\u00bb \u00e0 Andenne\u00a0 Inscription via l&rsquo;application AP-School : https:\/\/plateforme.apschool.be\/centre-recreatif<\/p>\n","protected":false},"author":2,"featured_media":0,"parent":0,"menu_order":0,"comment_status":"closed","ping_status":"open","template":"","meta":{"footnotes":""},"class_list":["post-35","page","type-page","status-publish","hentry"],"_links":{"self":[{"href":"https:\/\/www.gesvesextra.be\/index.php?rest_route=\/wp\/v2\/pages\/35","targetHints":{"allow":["GET"]}}],"collection":[{"href":"https:\/\/www.gesvesextra.be\/index.php?rest_route=\/wp\/v2\/pages"}],"about":[{"href":"https:\/\/www.gesvesextra.be\/index.php?rest_route=\/wp\/v2\/types\/page"}],"author":[{"embeddable":true,"href":"https:\/\/www.gesvesextra.be\/index.php?rest_route=\/wp\/v2\/users\/2"}],"replies":[{"embeddable":true,"href":"https:\/\/www.gesvesextra.be\/index.php?rest_route=%2Fwp%2Fv2%2Fcomments&post=35"}],"version-history":[{"count":78,"href":"https:\/\/www.gesvesextra.be\/index.php?rest_route=\/wp\/v2\/pages\/35\/revisions"}],"predecessor-version":[{"id":2314,"href":"https:\/\/www.gesvesextra.be\/index.php?rest_route=\/wp\/v2\/pages\/35\/revisions\/2314"}],"wp:attachment":[{"href":"https:\/\/www.gesvesextra.be\/index.php?rest_route=%2Fwp%2Fv2%2Fmedia&parent=35"}],"curies":[{"name":"wp","href":"https:\/\/api.w.org\/{rel}","templated":true}]}}