{"id":37,"date":"2013-08-30T09:10:13","date_gmt":"2013-08-30T09:10:13","guid":{"rendered":"http:\/\/www.gesvesextra.be\/?page_id=37"},"modified":"2024-01-17T14:39:21","modified_gmt":"2024-01-17T14:39:21","slug":"ludotheque","status":"publish","type":"page","link":"https:\/\/www.gesvesextra.be\/?page_id=37","title":{"rendered":"Ludoth\u00e8que"},"content":{"rendered":"<p>Depuis mai 2013, Gesves EXTRA anime une ludoth\u00e8que sur le site de la Pichelotte\u00a0gr\u00e2ce \u00e0 la collaboration de la commune, du service ATL et des biblioth\u00e9caires..<br \/>Une ludoth\u00e8que\u00a0c&rsquo;est comme une biblioth\u00e8que mais \u00e0 la place des livres on retrouve\u2026 des jeux.<\/p>\n<p><a href=\"http:\/\/www.gesvesextra.be\/wp-content\/uploads\/2022\/11\/2.png\"><img loading=\"lazy\" decoding=\"async\" class=\"aligncenter wp-image-1871 size-medium\" src=\"http:\/\/www.gesvesextra.be\/wp-content\/uploads\/2022\/11\/2-212x300.png\" alt=\"\" width=\"212\" height=\"300\" srcset=\"https:\/\/www.gesvesextra.be\/wp-content\/uploads\/2022\/11\/2-212x300.png 212w, https:\/\/www.gesvesextra.be\/wp-content\/uploads\/2022\/11\/2-724x1024.png 724w, https:\/\/www.gesvesextra.be\/wp-content\/uploads\/2022\/11\/2-768x1086.png 768w, https:\/\/www.gesvesextra.be\/wp-content\/uploads\/2022\/11\/2-1086x1536.png 1086w, https:\/\/www.gesvesextra.be\/wp-content\/uploads\/2022\/11\/2-1320x1867.png 1320w, https:\/\/www.gesvesextra.be\/wp-content\/uploads\/2022\/11\/2.png 1414w\" sizes=\"auto, (max-width: 212px) 100vw, 212px\" \/><\/a><\/p>\n<blockquote>\n<h4 style=\"font-weight: 400;\"><em><span style=\"color: #333333;\">\u00ab\u00a0Bonjour tout le monde !<\/span><\/em><br \/><em><span style=\"color: #333333;\">C&rsquo;est moi qui vous ouvrirai les portes de la ludoth\u00e8que tous les mercredis de 14h \u00e0 18h15 ! <\/span><\/em><br \/><em><span style=\"color: #333333;\">Par contre, il n&rsquo;y aura plus d&rsquo;ouvertures durant les vacances puisque je serai sur le pont pour les plaines.<br \/>Oh et au fait, je peux vous accueillir pour jouer avec moi, alors venez, je vous attends !<\/span><\/em><br \/><em><span style=\"color: #333333;\">A tr\u00e8s bient\u00f4t\u00a0\u00bb<\/span><\/em><br \/><span style=\"color: #008000;\"><em>Deepa<\/em><\/span><\/h4>\n<\/blockquote>\n<p style=\"text-align: center;\"><span style=\"color: #008000;\">Prochaines dates d&rsquo;ouverture en 2024 :<\/span><\/p>\n<p><a href=\"http:\/\/www.gesvesextra.be\/wp-content\/uploads\/2024\/01\/Ludo-calendrier-janvier.png\"><img loading=\"lazy\" decoding=\"async\" class=\"aligncenter wp-image-2191 \" src=\"http:\/\/www.gesvesextra.be\/wp-content\/uploads\/2024\/01\/Ludo-calendrier-janvier-724x1024.png\" alt=\"\" width=\"354\" height=\"500\" srcset=\"https:\/\/www.gesvesextra.be\/wp-content\/uploads\/2024\/01\/Ludo-calendrier-janvier-724x1024.png 724w, https:\/\/www.gesvesextra.be\/wp-content\/uploads\/2024\/01\/Ludo-calendrier-janvier-212x300.png 212w, https:\/\/www.gesvesextra.be\/wp-content\/uploads\/2024\/01\/Ludo-calendrier-janvier-768x1086.png 768w, https:\/\/www.gesvesextra.be\/wp-content\/uploads\/2024\/01\/Ludo-calendrier-janvier-1086x1536.png 1086w, https:\/\/www.gesvesextra.be\/wp-content\/uploads\/2024\/01\/Ludo-calendrier-janvier-42x60.png 42w, https:\/\/www.gesvesextra.be\/wp-content\/uploads\/2024\/01\/Ludo-calendrier-janvier-1320x1867.png 1320w, https:\/\/www.gesvesextra.be\/wp-content\/uploads\/2024\/01\/Ludo-calendrier-janvier.png 1414w\" sizes=\"auto, (max-width: 354px) 100vw, 354px\" \/><\/a><\/p>\n\n<p><span style=\"color: #008000;\">\u2666 Tarifs :<\/span><\/p>\n<ul>\n<li>1\u20ac\/jeu pour une dur\u00e9e de 2 semaines.<\/li>\n<\/ul>\n<p>\u2666 <strong>Le renouvellement du pr\u00eat peut \u00eatre fait par t\u00e9l\u00e9phone (083\/670.203) ou par mail (<span style=\"color: #008000;\"><a style=\"color: #008000;\" href=\"ludo@gesvesextra.be\" target=\"_blank\" rel=\"noopener noreferrer\">ludo@gesvesextra.be<\/a><\/span>)\u00a0sur simple demande sauf pour les jeux r\u00e9serv\u00e9s par d\u2019autres membres.<\/strong><\/p>\n<p>\u2666 La ludoth\u00e8que Gesves EXTRA b\u00e9n\u00e9ficie du r\u00e9seau ludoth\u00e8ques COALA : de nombreux jeux peuvent \u00eatre transf\u00e9r\u00e9s vers Gesves, n&rsquo;h\u00e9sitez pas \u00e0 demander\u00a0si le jeu\u00a0que vous souhaitez n&rsquo;est pas\u00a0disponible.<\/p>\n<p><a href=\"http:\/\/www.gesvesextra.be\/wp-content\/uploads\/2021\/11\/Projet-daccueil-et-ROI-Ludo-2021.pdf\" target=\"_blank\" rel=\"noopener noreferrer\"><span style=\"text-decoration: underline;\"><span style=\"color: #ff0000; text-decoration: underline;\">R\u00e8glement de la Ludo<\/span><\/span><\/a><\/p>\n\n\n<p><\/p>\n","protected":false},"excerpt":{"rendered":"<p>Depuis mai 2013, Gesves EXTRA anime une ludoth\u00e8que sur le site de la Pichelotte\u00a0gr\u00e2ce \u00e0 la collaboration de la commune, du service ATL et des biblioth\u00e9caires..Une ludoth\u00e8que\u00a0c&rsquo;est comme une biblioth\u00e8que mais \u00e0 la place des livres on retrouve\u2026 des jeux. \u00ab\u00a0Bonjour tout le monde !C&rsquo;est moi qui vous ouvrirai les portes de la ludoth\u00e8que tous les mercredis de 14h \u00e0 18h15 ! Par contre, il n&rsquo;y aura plus d&rsquo;ouvertures durant les vacances puisque je serai sur le pont pour les plaines.Oh et au fait, je peux vous accueillir pour jouer avec moi, alors venez, je vous attends !A tr\u00e8s bient\u00f4t\u00a0\u00bbDeepa Prochaines dates d&rsquo;ouverture en 2024 : \u2666 Tarifs : 1\u20ac\/jeu pour une dur\u00e9e de 2 semaines. \u2666 Le renouvellement du pr\u00eat peut \u00eatre fait par t\u00e9l\u00e9phone (083\/670.203) ou par mail (ludo@gesvesextra.be)\u00a0sur simple demande sauf pour les jeux r\u00e9serv\u00e9s par d\u2019autres membres. \u2666 La ludoth\u00e8que Gesves EXTRA b\u00e9n\u00e9ficie du r\u00e9seau ludoth\u00e8ques COALA : de nombreux jeux peuvent \u00eatre transf\u00e9r\u00e9s vers Gesves, n&rsquo;h\u00e9sitez pas \u00e0 demander\u00a0si le jeu\u00a0que vous souhaitez n&rsquo;est pas\u00a0disponible. R\u00e8glement de la Ludo<\/p>\n","protected":false},"author":2,"featured_media":0,"parent":0,"menu_order":0,"comment_status":"closed","ping_status":"open","template":"","meta":{"footnotes":""},"class_list":["post-37","page","type-page","status-publish","hentry"],"_links":{"self":[{"href":"https:\/\/www.gesvesextra.be\/index.php?rest_route=\/wp\/v2\/pages\/37","targetHints":{"allow":["GET"]}}],"collection":[{"href":"https:\/\/www.gesvesextra.be\/index.php?rest_route=\/wp\/v2\/pages"}],"about":[{"href":"https:\/\/www.gesvesextra.be\/index.php?rest_route=\/wp\/v2\/types\/page"}],"author":[{"embeddable":true,"href":"https:\/\/www.gesvesextra.be\/index.php?rest_route=\/wp\/v2\/users\/2"}],"replies":[{"embeddable":true,"href":"https:\/\/www.gesvesextra.be\/index.php?rest_route=%2Fwp%2Fv2%2Fcomments&post=37"}],"version-history":[{"count":139,"href":"https:\/\/www.gesvesextra.be\/index.php?rest_route=\/wp\/v2\/pages\/37\/revisions"}],"predecessor-version":[{"id":2211,"href":"https:\/\/www.gesvesextra.be\/index.php?rest_route=\/wp\/v2\/pages\/37\/revisions\/2211"}],"wp:attachment":[{"href":"https:\/\/www.gesvesextra.be\/index.php?rest_route=%2Fwp%2Fv2%2Fmedia&parent=37"}],"curies":[{"name":"wp","href":"https:\/\/api.w.org\/{rel}","templated":true}]}}