{"id":43,"date":"2013-08-30T09:11:38","date_gmt":"2013-08-30T09:11:38","guid":{"rendered":"http:\/\/www.gesvesextra.be\/?page_id=43"},"modified":"2025-06-20T09:56:37","modified_gmt":"2025-06-20T09:56:37","slug":"st-joseph","status":"publish","type":"page","link":"https:\/\/www.gesvesextra.be\/?page_id=43","title":{"rendered":"St-Joseph"},"content":{"rendered":"<p>Dans les deux implantations de <strong>l&rsquo;\u00e9cole St Joseph<\/strong>, membre de\u00a0Gesves EXTRA, l&rsquo;accueil est propos\u00e9 avant et apr\u00e8s le temps d\u2019\u00e9cole, tandis que les ateliers sont propos\u00e9s pendant le temps de midi et apr\u00e8s 16h (<span style=\"color: #008000;\"><a style=\"color: #008000;\" title=\"Accueil centralis\u00e9\" href=\"http:\/\/www.gesvesextra.be\/?page_id=39\">Sauf le mercredi\u00a0apr\u00e8s-midi, l&rsquo;accueil est centralis\u00e9<\/a><\/span>). Les ateliers sont organis\u00e9s sous forme d\u2019activit\u00e9s structur\u00e9es \u00e0 la diff\u00e9rence de l\u2019accueil qui met l\u2019accent sur le temps libre et des activit\u00e9s propos\u00e9es.<\/p>\n\n<ul>\n<li>Lundi :\u00a0\n<ul>\n<li>Woodcraft (P3 \u00e0 P6) de 15h45 \u00e0 16h45<\/li>\n<li>Autour du livre (M2-M3) de 15h45 \u00e0 16h45<\/li>\n<\/ul>\n<\/li>\n<li>Mardi :\u00a0\n<ul>\n<li>Dessin libre (P3 \u00e0 P6) de 14h35 \u00e0 15h35<\/li>\n<li>Chant (P3 \u00e0 P6) de 14h35 \u00e0 15h35<\/li>\n<li>Art sosu toutes ses formes (M2-M3) de 14h35 \u00e0 15h35<\/li>\n<li>Th\u00e9\u00e2tre (P3 \u00e0 P6) de 14h35 \u00e0 15h35<\/li>\n<li>Mille et un mandalas (P1-P2) de 15h45 \u00e0 16h45<\/li>\n<li>Bouge ton corps en musique (M1-M2-M3) de 15h45 \u00e0 16h45<\/li>\n<li>Jeux divers (P3 \u00e0 P6) de 15h45 \u00e0 16h45<\/li>\n<\/ul>\n<\/li>\n<li>Jeudi :\u00a0\n<ul>\n<li>Just Dance (P3 \u00e0 P6) de 15h45 \u00e0 16h45<\/li>\n<\/ul>\n<\/li>\n<\/ul>\n\n\n<p><\/p>\n\n\n\n<p><\/p>\n","protected":false},"excerpt":{"rendered":"<p>Dans les deux implantations de l&rsquo;\u00e9cole St Joseph, membre de\u00a0Gesves EXTRA, l&rsquo;accueil est propos\u00e9 avant et apr\u00e8s le temps d\u2019\u00e9cole, tandis que les ateliers sont propos\u00e9s pendant le temps de midi et apr\u00e8s 16h (Sauf le mercredi\u00a0apr\u00e8s-midi, l&rsquo;accueil est centralis\u00e9). Les ateliers sont organis\u00e9s sous forme d\u2019activit\u00e9s structur\u00e9es \u00e0 la diff\u00e9rence de l\u2019accueil qui met l\u2019accent sur le temps libre et des activit\u00e9s propos\u00e9es. Lundi :\u00a0 Woodcraft (P3 \u00e0 P6) de 15h45 \u00e0 16h45 Autour du livre (M2-M3) de 15h45 \u00e0 16h45 Mardi :\u00a0 Dessin libre (P3 \u00e0 P6) de 14h35 \u00e0 15h35 Chant (P3 \u00e0 P6) de 14h35 \u00e0 15h35 Art sosu toutes ses formes (M2-M3) de 14h35 \u00e0 15h35 Th\u00e9\u00e2tre (P3 \u00e0 P6) de 14h35 \u00e0 15h35 Mille et un mandalas (P1-P2) de 15h45 \u00e0 16h45 Bouge ton corps en musique (M1-M2-M3) de 15h45 \u00e0 16h45 Jeux divers (P3 \u00e0 P6) de 15h45 \u00e0 16h45 Jeudi :\u00a0 Just Dance (P3 \u00e0 P6) de 15h45 \u00e0 16h45<\/p>\n","protected":false},"author":2,"featured_media":0,"parent":11,"menu_order":0,"comment_status":"closed","ping_status":"open","template":"","meta":{"footnotes":""},"class_list":["post-43","page","type-page","status-publish","hentry"],"_links":{"self":[{"href":"https:\/\/www.gesvesextra.be\/index.php?rest_route=\/wp\/v2\/pages\/43","targetHints":{"allow":["GET"]}}],"collection":[{"href":"https:\/\/www.gesvesextra.be\/index.php?rest_route=\/wp\/v2\/pages"}],"about":[{"href":"https:\/\/www.gesvesextra.be\/index.php?rest_route=\/wp\/v2\/types\/page"}],"author":[{"embeddable":true,"href":"https:\/\/www.gesvesextra.be\/index.php?rest_route=\/wp\/v2\/users\/2"}],"replies":[{"embeddable":true,"href":"https:\/\/www.gesvesextra.be\/index.php?rest_route=%2Fwp%2Fv2%2Fcomments&post=43"}],"version-history":[{"count":9,"href":"https:\/\/www.gesvesextra.be\/index.php?rest_route=\/wp\/v2\/pages\/43\/revisions"}],"predecessor-version":[{"id":2366,"href":"https:\/\/www.gesvesextra.be\/index.php?rest_route=\/wp\/v2\/pages\/43\/revisions\/2366"}],"up":[{"embeddable":true,"href":"https:\/\/www.gesvesextra.be\/index.php?rest_route=\/wp\/v2\/pages\/11"}],"wp:attachment":[{"href":"https:\/\/www.gesvesextra.be\/index.php?rest_route=%2Fwp%2Fv2%2Fmedia&parent=43"}],"curies":[{"name":"wp","href":"https:\/\/api.w.org\/{rel}","templated":true}]}}