{"id":45,"date":"2013-08-30T09:12:06","date_gmt":"2013-08-30T09:12:06","guid":{"rendered":"http:\/\/www.gesvesextra.be\/?page_id=45"},"modified":"2025-06-20T09:41:29","modified_gmt":"2025-06-20T09:41:29","slug":"croisette","status":"publish","type":"page","link":"https:\/\/www.gesvesextra.be\/?page_id=45","title":{"rendered":"Croisette"},"content":{"rendered":"<p>L\u2019<strong>Accueil<\/strong> et les <strong>Ateliers<\/strong>, accessibles \u00e0 tous les enfants de 2,5 ans \u00e0 12 ans, sont au c\u0153ur de l\u2019accueil temps libre (ATL) pour lesquels nous avons un agr\u00e9ment ONE. Gesves EXTRA agit dans les 4 \u00e9coles de l&rsquo;entit\u00e9 gesvoise, quel que soit le r\u00e9seau.<\/p>\n<p>A l&rsquo;\u00e9cole de <span style=\"color: #008000;\"><span style=\"text-decoration: underline;\">la Croisette \u00e0 Sor\u00e9e<\/span><\/span>, membre de Gesves EXTRA, l&rsquo;accueil est propos\u00e9 avant et apr\u00e8s le temps d\u2019\u00e9cole, tandis que les ateliers sont propos\u00e9s apr\u00e8s 15h35 (<span style=\"color: #008000;\"><a style=\"color: #008000;\" title=\"Accueil centralis\u00e9\" href=\"http:\/\/www.gesvesextra.be\/?page_id=39\">Sauf le mercredi\u00a0apr\u00e8s-midi, l&rsquo;accueil est centralis\u00e9<\/a><\/span>). Les ateliers sont organis\u00e9s sous forme d\u2019activit\u00e9s structur\u00e9es \u00e0 la diff\u00e9rence de l\u2019accueil qui met l\u2019accent sur le temps libre et des activit\u00e9s propos\u00e9es.<\/p>\n<p>Lundi : Jeux sportif de 15h35 \u00e0 16h35<\/p>\n<p>Mardi : Bricolage de 15h35 \u00e0 16h35<\/p>\n<p>Jeudi : Dessin libre de 15h35 \u00e0 16h35<\/p>\n<p>Vendredi : Jeux divers de 15h35 \u00e0 16h35<\/p>\n\n\n<p><\/p>\n","protected":false},"excerpt":{"rendered":"<p>L\u2019Accueil et les Ateliers, accessibles \u00e0 tous les enfants de 2,5 ans \u00e0 12 ans, sont au c\u0153ur de l\u2019accueil temps libre (ATL) pour lesquels nous avons un agr\u00e9ment ONE. Gesves EXTRA agit dans les 4 \u00e9coles de l&rsquo;entit\u00e9 gesvoise, quel que soit le r\u00e9seau. A l&rsquo;\u00e9cole de la Croisette \u00e0 Sor\u00e9e, membre de Gesves EXTRA, l&rsquo;accueil est propos\u00e9 avant et apr\u00e8s le temps d\u2019\u00e9cole, tandis que les ateliers sont propos\u00e9s apr\u00e8s 15h35 (Sauf le mercredi\u00a0apr\u00e8s-midi, l&rsquo;accueil est centralis\u00e9). Les ateliers sont organis\u00e9s sous forme d\u2019activit\u00e9s structur\u00e9es \u00e0 la diff\u00e9rence de l\u2019accueil qui met l\u2019accent sur le temps libre et des activit\u00e9s propos\u00e9es. Lundi : Jeux sportif de 15h35 \u00e0 16h35 Mardi : Bricolage de 15h35 \u00e0 16h35 Jeudi : Dessin libre de 15h35 \u00e0 16h35 Vendredi : Jeux divers de 15h35 \u00e0 16h35<\/p>\n","protected":false},"author":2,"featured_media":0,"parent":11,"menu_order":0,"comment_status":"closed","ping_status":"open","template":"","meta":{"footnotes":""},"class_list":["post-45","page","type-page","status-publish","hentry"],"_links":{"self":[{"href":"https:\/\/www.gesvesextra.be\/index.php?rest_route=\/wp\/v2\/pages\/45","targetHints":{"allow":["GET"]}}],"collection":[{"href":"https:\/\/www.gesvesextra.be\/index.php?rest_route=\/wp\/v2\/pages"}],"about":[{"href":"https:\/\/www.gesvesextra.be\/index.php?rest_route=\/wp\/v2\/types\/page"}],"author":[{"embeddable":true,"href":"https:\/\/www.gesvesextra.be\/index.php?rest_route=\/wp\/v2\/users\/2"}],"replies":[{"embeddable":true,"href":"https:\/\/www.gesvesextra.be\/index.php?rest_route=%2Fwp%2Fv2%2Fcomments&post=45"}],"version-history":[{"count":10,"href":"https:\/\/www.gesvesextra.be\/index.php?rest_route=\/wp\/v2\/pages\/45\/revisions"}],"predecessor-version":[{"id":2360,"href":"https:\/\/www.gesvesextra.be\/index.php?rest_route=\/wp\/v2\/pages\/45\/revisions\/2360"}],"up":[{"embeddable":true,"href":"https:\/\/www.gesvesextra.be\/index.php?rest_route=\/wp\/v2\/pages\/11"}],"wp:attachment":[{"href":"https:\/\/www.gesvesextra.be\/index.php?rest_route=%2Fwp%2Fv2%2Fmedia&parent=45"}],"curies":[{"name":"wp","href":"https:\/\/api.w.org\/{rel}","templated":true}]}}