{"id":61,"date":"2013-08-30T10:06:05","date_gmt":"2013-08-30T10:06:05","guid":{"rendered":"http:\/\/www.gesvesextra.be\/?page_id=61"},"modified":"2024-02-14T09:13:03","modified_gmt":"2024-02-14T09:13:03","slug":"projet-daccueil","status":"publish","type":"page","link":"https:\/\/www.gesvesextra.be\/?page_id=61","title":{"rendered":"Projet d&rsquo;accueil"},"content":{"rendered":"\n<p>Le projet d&rsquo;accueil est une obligation pour tout organisateur d&rsquo;accueil pour enfants. Celui-ci est communiqu\u00e9 \u00e0 l&rsquo;ONE pour agr\u00e9ment.<\/p>\n\n\n\n<p><span style=\"color: #008000;\">Il est constitu\u00e9 de deux parties<\/span><\/p>\n\n\n\n<ol class=\"wp-block-list\">\n<li>Le projet p\u00e9dagogique de l&rsquo;asbl : en partant de nos convictions et nos valeurs, nos objectifs et les moyens mis en place pour les atteindre y sont d\u00e9finis ;<\/li>\n\n\n\n<li>Le R.O.I. qui reprend les infos pratiques et organisationnelles<\/li>\n<\/ol>\n\n\n\n<p>La participation aux activit\u00e9s de l&rsquo;asbl Gesves EXTRA implique l&rsquo;adh\u00e9sion \u00e0 notre projet d&rsquo;acueil.<\/p>\n\n\n\n<p>Celui-ci est \u00e9valu\u00e9 ponctuellement et est donc sujet \u00e0 modifications&#8230; n&rsquo;h\u00e9sitez pas \u00e0 nous communiquer vos avis : info@gesvesextra.be<\/p>\n\n\n\n<ul class=\"wp-block-list\">\n<li><a style=\"color: ;\" href=\"http:\/\/www.gesvesextra.be\/wp-content\/uploads\/2013\/08\/Statuts-Gesves-EXTRA_coordonn\u00e9s.pdf\">statuts-gesves-extra_coordonnees<\/a><\/li>\n\n\n\n<li><span style=\"color: #00B050;\"><a style=\"color: ##00B050;\" href=\"http:\/\/www.gesvesextra.be\/wp-content\/uploads\/2022\/10\/Projet-Accueil-Extrascolaire-GEX-OCT.-2022-valide-PDF.pdf\" target=\"_blank\" rel=\"noopener noreferrer\">Notre projet d&rsquo;accueil (accueil extrascolaire) en PDF<\/a><\/span><\/li>\n\n\n\n<li><span style=\"color: #008000;\"><a href=\"http:\/\/www.gesvesextra.be\/wp-content\/uploads\/2024\/02\/GEX-PA-Plaine-janvier-2024.pdf\" target=\"_blank\" rel=\"noreferrer noopener\">Notre projet d&rsquo;accueil (Plaines de vacances) en PDF<\/a><\/span><\/li>\n<\/ul>\n","protected":false},"excerpt":{"rendered":"<p>Le projet d&rsquo;accueil est une obligation pour tout organisateur d&rsquo;accueil pour enfants. Celui-ci est communiqu\u00e9 \u00e0 l&rsquo;ONE pour agr\u00e9ment. Il est constitu\u00e9 de deux parties La participation aux activit\u00e9s de l&rsquo;asbl Gesves EXTRA implique l&rsquo;adh\u00e9sion \u00e0 notre projet d&rsquo;acueil. Celui-ci est \u00e9valu\u00e9 ponctuellement et est donc sujet \u00e0 modifications&#8230; n&rsquo;h\u00e9sitez pas \u00e0 nous communiquer vos avis : info@gesvesextra.be<\/p>\n","protected":false},"author":2,"featured_media":0,"parent":0,"menu_order":0,"comment_status":"open","ping_status":"open","template":"","meta":{"footnotes":""},"class_list":["post-61","page","type-page","status-publish","hentry"],"_links":{"self":[{"href":"https:\/\/www.gesvesextra.be\/index.php?rest_route=\/wp\/v2\/pages\/61","targetHints":{"allow":["GET"]}}],"collection":[{"href":"https:\/\/www.gesvesextra.be\/index.php?rest_route=\/wp\/v2\/pages"}],"about":[{"href":"https:\/\/www.gesvesextra.be\/index.php?rest_route=\/wp\/v2\/types\/page"}],"author":[{"embeddable":true,"href":"https:\/\/www.gesvesextra.be\/index.php?rest_route=\/wp\/v2\/users\/2"}],"replies":[{"embeddable":true,"href":"https:\/\/www.gesvesextra.be\/index.php?rest_route=%2Fwp%2Fv2%2Fcomments&post=61"}],"version-history":[{"count":23,"href":"https:\/\/www.gesvesextra.be\/index.php?rest_route=\/wp\/v2\/pages\/61\/revisions"}],"predecessor-version":[{"id":2232,"href":"https:\/\/www.gesvesextra.be\/index.php?rest_route=\/wp\/v2\/pages\/61\/revisions\/2232"}],"wp:attachment":[{"href":"https:\/\/www.gesvesextra.be\/index.php?rest_route=%2Fwp%2Fv2%2Fmedia&parent=61"}],"curies":[{"name":"wp","href":"https:\/\/api.w.org\/{rel}","templated":true}]}}