{"id":63,"date":"2013-08-30T10:06:21","date_gmt":"2013-08-30T10:06:21","guid":{"rendered":"http:\/\/www.gesvesextra.be\/?page_id=63"},"modified":"2025-06-20T09:37:30","modified_gmt":"2025-06-20T09:37:30","slug":"equipe-danimation","status":"publish","type":"page","link":"https:\/\/www.gesvesextra.be\/?page_id=63","title":{"rendered":"Equipe d&rsquo;animation"},"content":{"rendered":"<div class=\"wp-block-image\">\n<figure class=\"aligncenter size-large is-resized\"><a href=\"https:\/\/www.gesvesextra.be\/wp-content\/uploads\/2024\/10\/448844755_429757683385523_1410665431253034510_n.jpg\"><img loading=\"lazy\" decoding=\"async\" width=\"1024\" height=\"768\" src=\"https:\/\/www.gesvesextra.be\/wp-content\/uploads\/2024\/10\/448844755_429757683385523_1410665431253034510_n-1024x768.jpg\" alt=\"\" class=\"wp-image-2305\" style=\"width:819px;height:auto\" srcset=\"https:\/\/www.gesvesextra.be\/wp-content\/uploads\/2024\/10\/448844755_429757683385523_1410665431253034510_n-1024x768.jpg 1024w, https:\/\/www.gesvesextra.be\/wp-content\/uploads\/2024\/10\/448844755_429757683385523_1410665431253034510_n-300x225.jpg 300w, https:\/\/www.gesvesextra.be\/wp-content\/uploads\/2024\/10\/448844755_429757683385523_1410665431253034510_n-768x576.jpg 768w, https:\/\/www.gesvesextra.be\/wp-content\/uploads\/2024\/10\/448844755_429757683385523_1410665431253034510_n-1536x1152.jpg 1536w, https:\/\/www.gesvesextra.be\/wp-content\/uploads\/2024\/10\/448844755_429757683385523_1410665431253034510_n-80x60.jpg 80w, https:\/\/www.gesvesextra.be\/wp-content\/uploads\/2024\/10\/448844755_429757683385523_1410665431253034510_n-1320x990.jpg 1320w, https:\/\/www.gesvesextra.be\/wp-content\/uploads\/2024\/10\/448844755_429757683385523_1410665431253034510_n.jpg 2048w\" sizes=\"auto, (max-width: 1024px) 100vw, 1024px\" \/><\/a><\/figure>\n<\/div>\n\n<p>Gesves EXTRA b\u00e9n\u00e9ficie du soutien de la r\u00e9gion wallonne (APE).<br \/>L&rsquo;asbl peut ainsi compter sur une \u00e9quipe de <strong><span style=\"color: #008000;\">permanents<\/span><\/strong>.<\/p>\n<ul>\n<li>Animation :<br \/>&#8211; Deepa NICOLA\u00cf<br \/>&#8211; Rapha\u00ebl SZ\u00d6KE<br \/>&#8211; Ga\u00ebtane HANCE<br \/>&#8211; Sophie TIRTIAUX<br \/>&#8211; Nicolas LEFLOT<\/li>\n<li>Coordination :<br \/>&#8211; Isabelle COLIN\u00a0<\/li>\n<\/ul>\n<p>De nombreux <strong><span style=\"color: #000080;\"><span style=\"color: #008000;\">volontaires<\/span>\u00a0<\/span><\/strong>s&rsquo;engagent \u00e9galement \u00a0ponctuellement dans les\u00a0divers projets.<\/p>\n<h1 style=\"text-align: center;\"><strong>Contact<\/strong><\/h1>\n<h2 style=\"text-align: center;\">083\/67 02 03<\/h2>\n<p><strong>Coordination :<\/strong><\/p>\n<ul>\n<li>Isabelle Collin\n<ul>\n<li><strong>info@gesvesextra.be<\/strong><\/li>\n<\/ul>\n<\/li>\n<\/ul>\n<p><strong>Coordination de plaine :<\/strong><\/p>\n<ul>\n<li>Deepa Nicola\u00ef\n<ul>\n<li><strong>deepa@gesvesextra.be<\/strong><\/li>\n<\/ul>\n<\/li>\n<li>Rapha\u00ebl Sz\u00f6ke\n<ul>\n<li><strong>raphael@gesvesextra.be<\/strong><\/li>\n<\/ul>\n<\/li>\n<\/ul>\n<p>Le<strong><span style=\"color: #008000;\"> Conseil d&rsquo;Administration<\/span> <\/strong>de l&rsquo;asbl est compos\u00e9 de :<\/p>\n<ul>\n<li>Eleonore Mersch (Pr\u00e9sident)<\/li>\n<li>Olivier Geerkens (Administrateur d\u00e9l\u00e9gu\u00e9)<\/li>\n<li>Vincent Vandersmissen<\/li>\n<li>Fran\u00e7oise Ysebaert<\/li>\n<li>Eddy Bodart<\/li>\n<li>Jean-Marc Degimbe<\/li>\n<li>Nathalie Tonneau<\/li>\n<li>Christine Pitance<\/li>\n<li>Maggi Lizein<\/li>\n<li>Julie Dupond<\/li>\n<\/ul>","protected":false},"excerpt":{"rendered":"<p>Gesves EXTRA b\u00e9n\u00e9ficie du soutien de la r\u00e9gion wallonne (APE).L&rsquo;asbl peut ainsi compter sur une \u00e9quipe de permanents. Animation :&#8211; Deepa NICOLA\u00cf&#8211; Rapha\u00ebl SZ\u00d6KE&#8211; Ga\u00ebtane HANCE&#8211; Sophie TIRTIAUX&#8211; Nicolas LEFLOT Coordination :&#8211; Isabelle COLIN\u00a0 De nombreux volontaires\u00a0s&rsquo;engagent \u00e9galement \u00a0ponctuellement dans les\u00a0divers projets. Contact 083\/67 02 03 Coordination : Isabelle Collin info@gesvesextra.be Coordination de plaine : Deepa Nicola\u00ef deepa@gesvesextra.be Rapha\u00ebl Sz\u00f6ke raphael@gesvesextra.be Le Conseil d&rsquo;Administration de l&rsquo;asbl est compos\u00e9 de : Eleonore Mersch (Pr\u00e9sident) Olivier Geerkens (Administrateur d\u00e9l\u00e9gu\u00e9) Vincent Vandersmissen Fran\u00e7oise Ysebaert Eddy Bodart Jean-Marc Degimbe Nathalie Tonneau Christine Pitance Maggi Lizein Julie Dupond<\/p>\n","protected":false},"author":2,"featured_media":0,"parent":0,"menu_order":0,"comment_status":"open","ping_status":"open","template":"","meta":{"footnotes":""},"class_list":["post-63","page","type-page","status-publish","hentry"],"_links":{"self":[{"href":"https:\/\/www.gesvesextra.be\/index.php?rest_route=\/wp\/v2\/pages\/63","targetHints":{"allow":["GET"]}}],"collection":[{"href":"https:\/\/www.gesvesextra.be\/index.php?rest_route=\/wp\/v2\/pages"}],"about":[{"href":"https:\/\/www.gesvesextra.be\/index.php?rest_route=\/wp\/v2\/types\/page"}],"author":[{"embeddable":true,"href":"https:\/\/www.gesvesextra.be\/index.php?rest_route=\/wp\/v2\/users\/2"}],"replies":[{"embeddable":true,"href":"https:\/\/www.gesvesextra.be\/index.php?rest_route=%2Fwp%2Fv2%2Fcomments&post=63"}],"version-history":[{"count":49,"href":"https:\/\/www.gesvesextra.be\/index.php?rest_route=\/wp\/v2\/pages\/63\/revisions"}],"predecessor-version":[{"id":2358,"href":"https:\/\/www.gesvesextra.be\/index.php?rest_route=\/wp\/v2\/pages\/63\/revisions\/2358"}],"wp:attachment":[{"href":"https:\/\/www.gesvesextra.be\/index.php?rest_route=%2Fwp%2Fv2%2Fmedia&parent=63"}],"curies":[{"name":"wp","href":"https:\/\/api.w.org\/{rel}","templated":true}]}}